{"id":4135,"date":"2021-07-09T00:12:55","date_gmt":"2021-07-08T22:12:55","guid":{"rendered":"https:\/\/victorgiers.com\/?page_id=4135"},"modified":"2024-04-10T06:04:32","modified_gmt":"2024-04-10T04:04:32","slug":"startseite","status":"publish","type":"page","link":"https:\/\/victorgiers.com\/wp\/content\/de\/","title":{"rendered":"Startseite"},"content":{"rendered":"<p><img loading=\"lazy\" decoding=\"async\" class=\"wp-image-4150 alignleft\" src=\"https:\/\/victorgiers.com\/wp\/content\/wp-content\/uploads\/2021\/07\/rund.png\" alt=\"\" width=\"142\" height=\"142\" srcset=\"https:\/\/victorgiers.com\/wp\/content\/wp-content\/uploads\/2021\/07\/rund.png 512w, https:\/\/victorgiers.com\/wp\/content\/wp-content\/uploads\/2021\/07\/rund-300x300.png 300w, https:\/\/victorgiers.com\/wp\/content\/wp-content\/uploads\/2021\/07\/rund-150x150.png 150w, https:\/\/victorgiers.com\/wp\/content\/wp-content\/uploads\/2021\/07\/rund-100x100.png 100w\" sizes=\"(max-width: 142px) 100vw, 142px\" \/><\/p>\n<p>Hi,<br \/>ich bin Victor, ein zertifizierter Medienk\u00fcnstler aus Schw\u00e4bisch Gm\u00fcnd Kappa.<br \/>Diese Homepage nutze ich um Projekte zu dokumentieren und Objekte zu verkaufen.<br \/>Ich w\u00fcnsche Dir viel Spa\u00df beim St\u00f6bern!<\/p>\n<p>\u00a0<\/p>\n<p>\u00a0<\/p>\n<p>\u00a0<\/p>\n<h1>News<\/h1>\n\n\n<div class=\"wp-block-query is-layout-flow wp-block-query-is-layout-flow\"><ul class=\"columns-3 wp-block-post-template is-layout-grid wp-container-core-post-template-is-layout-1 wp-block-post-template-is-layout-grid\"><li class=\"wp-block-post post-6207 post type-post status-publish format-standard hentry category-news\">\n\n<div class=\"wp-block-group\" style=\"padding: 30px;\"><div class=\"wp-block-group__inner-container is-layout-flow wp-block-group-is-layout-flow\">\n<div class=\"wp-block-post-date has-small-font-size\"><time datetime=\"2024-04-28T17:12:27+02:00\">28.4.2024<\/time><\/div>\n\r\n<h2 class=\"wp-block-post-title\">Lichtbilder jetzt online und erwerbbar<\/h2>\n\r\n\r\n<div class=\"entry-content wp-block-post-content is-layout-flow wp-block-post-content-is-layout-flow\"><p><img loading=\"lazy\" decoding=\"async\" class=\"alignnone wp-image-6189\" src=\"https:\/\/victorgiers.com\/wp\/content\/wp-content\/uploads\/2024\/04\/IMG_0954-topaz-denoise-enhance-2x-300x300.jpg\" alt=\"\" width=\"1080\" height=\"1080\" srcset=\"https:\/\/victorgiers.com\/wp\/content\/wp-content\/uploads\/2024\/04\/IMG_0954-topaz-denoise-enhance-2x-300x300.jpg 300w, https:\/\/victorgiers.com\/wp\/content\/wp-content\/uploads\/2024\/04\/IMG_0954-topaz-denoise-enhance-2x-1024x1024.jpg 1024w, https:\/\/victorgiers.com\/wp\/content\/wp-content\/uploads\/2024\/04\/IMG_0954-topaz-denoise-enhance-2x-150x150.jpg 150w, https:\/\/victorgiers.com\/wp\/content\/wp-content\/uploads\/2024\/04\/IMG_0954-topaz-denoise-enhance-2x-768x768.jpg 768w, https:\/\/victorgiers.com\/wp\/content\/wp-content\/uploads\/2024\/04\/IMG_0954-topaz-denoise-enhance-2x-100x100.jpg 100w, https:\/\/victorgiers.com\/wp\/content\/wp-content\/uploads\/2024\/04\/IMG_0954-topaz-denoise-enhance-2x-555x555.jpg 555w, https:\/\/victorgiers.com\/wp\/content\/wp-content\/uploads\/2024\/04\/IMG_0954-topaz-denoise-enhance-2x-750x750.jpg 750w, https:\/\/victorgiers.com\/wp\/content\/wp-content\/uploads\/2024\/04\/IMG_0954-topaz-denoise-enhance-2x-760x760.jpg 760w, https:\/\/victorgiers.com\/wp\/content\/wp-content\/uploads\/2024\/04\/IMG_0954-topaz-denoise-enhance-2x.jpg 1200w\" sizes=\"(max-width: 1080px) 100vw, 1080px\" \/><\/p>\n<p><a href=\"https:\/\/www.victorgiers.com\/lichtbild\">Zur Projektseite \/ Shop<\/a><\/p>\n<\/div>\n<\/div><\/div>\n\n<\/li><li class=\"wp-block-post post-6137 post type-post status-publish format-standard hentry category-news\">\n\n<div class=\"wp-block-group\" style=\"padding: 30px;\"><div class=\"wp-block-group__inner-container is-layout-flow wp-block-group-is-layout-flow\">\n<div class=\"wp-block-post-date has-small-font-size\"><time datetime=\"2024-04-13T14:06:23+02:00\">13.4.2024<\/time><\/div>\n\r\n<h2 class=\"wp-block-post-title\">Neue Glitchart online<\/h2>\n\r\n\r\n<div class=\"entry-content wp-block-post-content is-layout-flow wp-block-post-content-is-layout-flow\">\r\n<p>16 neue Bilder verf\u00fcgbar im Webshop und bald auf Ausstellungen.<\/p>\r\n\r\n\r\n\r\n<figure class=\"wp-block-image size-large\"><img loading=\"lazy\" decoding=\"async\" width=\"1024\" height=\"1024\" class=\"wp-image-6138\" src=\"https:\/\/victorgiers.com\/wp\/content\/wp-content\/uploads\/2024\/04\/asdasdasd-1024x1024.jpeg\" alt=\"\" srcset=\"https:\/\/victorgiers.com\/wp\/content\/wp-content\/uploads\/2024\/04\/asdasdasd-1024x1024.jpeg 1024w, https:\/\/victorgiers.com\/wp\/content\/wp-content\/uploads\/2024\/04\/asdasdasd-300x300.jpeg 300w, https:\/\/victorgiers.com\/wp\/content\/wp-content\/uploads\/2024\/04\/asdasdasd-150x150.jpeg 150w, https:\/\/victorgiers.com\/wp\/content\/wp-content\/uploads\/2024\/04\/asdasdasd-768x768.jpeg 768w, https:\/\/victorgiers.com\/wp\/content\/wp-content\/uploads\/2024\/04\/asdasdasd-1536x1536.jpeg 1536w, https:\/\/victorgiers.com\/wp\/content\/wp-content\/uploads\/2024\/04\/asdasdasd-100x100.jpeg 100w, https:\/\/victorgiers.com\/wp\/content\/wp-content\/uploads\/2024\/04\/asdasdasd-555x555.jpeg 555w, https:\/\/victorgiers.com\/wp\/content\/wp-content\/uploads\/2024\/04\/asdasdasd-750x750.jpeg 750w, https:\/\/victorgiers.com\/wp\/content\/wp-content\/uploads\/2024\/04\/asdasdasd-760x760.jpeg 760w, https:\/\/victorgiers.com\/wp\/content\/wp-content\/uploads\/2024\/04\/asdasdasd.jpeg 1600w\" sizes=\"(max-width: 1024px) 100vw, 1024px\" \/><\/figure>\r\n\r\n\r\n\r\n<p><a href=\"https:\/\/www.victorgiers.com\/glitch-art\/shop\">Zum Shop<\/a><\/p>\r\n\r\n\r\n\r\n<p>&nbsp;<\/p>\r\n<\/div>\n<\/div><\/div>\n\n<\/li><li class=\"wp-block-post post-5947 post type-post status-publish format-standard hentry category-news\">\n\n<div class=\"wp-block-group\" style=\"padding: 30px;\"><div class=\"wp-block-group__inner-container is-layout-flow wp-block-group-is-layout-flow\">\n<div class=\"wp-block-post-date has-small-font-size\"><time datetime=\"2024-03-06T14:28:53+01:00\">6.3.2024<\/time><\/div>\n\r\n<h2 class=\"wp-block-post-title\">Neue Serie online: Bluminas<\/h2>\n\r\n\r\n<div class=\"entry-content wp-block-post-content is-layout-flow wp-block-post-content-is-layout-flow\">\r\n<p>Erste AI Art Serie.<br \/>50 Bilder 40cm x 40cm<br \/><img loading=\"lazy\" decoding=\"async\" class=\"alignnone  wp-image-6153\" src=\"https:\/\/victorgiers.com\/wp\/content\/wp-content\/uploads\/2024\/03\/blumiwebfront-300x300.jpeg\" alt=\"\" width=\"1024\" height=\"1024\" srcset=\"https:\/\/victorgiers.com\/wp\/content\/wp-content\/uploads\/2024\/03\/blumiwebfront-300x300.jpeg 300w, https:\/\/victorgiers.com\/wp\/content\/wp-content\/uploads\/2024\/03\/blumiwebfront-1024x1024.jpeg 1024w, https:\/\/victorgiers.com\/wp\/content\/wp-content\/uploads\/2024\/03\/blumiwebfront-150x150.jpeg 150w, https:\/\/victorgiers.com\/wp\/content\/wp-content\/uploads\/2024\/03\/blumiwebfront-768x768.jpeg 768w, https:\/\/victorgiers.com\/wp\/content\/wp-content\/uploads\/2024\/03\/blumiwebfront-1536x1536.jpeg 1536w, https:\/\/victorgiers.com\/wp\/content\/wp-content\/uploads\/2024\/03\/blumiwebfront-100x100.jpeg 100w, https:\/\/victorgiers.com\/wp\/content\/wp-content\/uploads\/2024\/03\/blumiwebfront-555x555.jpeg 555w, https:\/\/victorgiers.com\/wp\/content\/wp-content\/uploads\/2024\/03\/blumiwebfront-750x750.jpeg 750w, https:\/\/victorgiers.com\/wp\/content\/wp-content\/uploads\/2024\/03\/blumiwebfront-760x760.jpeg 760w, https:\/\/victorgiers.com\/wp\/content\/wp-content\/uploads\/2024\/03\/blumiwebfront.jpeg 1600w\" sizes=\"(max-width: 1024px) 100vw, 1024px\" \/><br \/><a href=\"https:\/\/www.victorgiers.com\/de\/ai-art\/bluminas\">Zum Shop<\/a><\/p>\r\n\r\n\r\n\r\n<p>&nbsp;<\/p>\r\n<\/div>\n<\/div><\/div>\n\n<\/li><li class=\"wp-block-post post-5600 post type-post status-publish format-standard hentry category-news\">\n\n<div class=\"wp-block-group\" style=\"padding: 30px;\"><div class=\"wp-block-group__inner-container is-layout-flow wp-block-group-is-layout-flow\">\n<div class=\"wp-block-post-date has-small-font-size\"><time datetime=\"2024-02-27T13:31:14+01:00\">27.2.2024<\/time><\/div>\n\r\n<h2 class=\"wp-block-post-title\">Newsrubrik eingerichtet<\/h2>\n\r\n\r\n<div class=\"entry-content wp-block-post-content is-layout-flow wp-block-post-content-is-layout-flow\"><p>Bald gibt es hier Neuigkeiten \ud83d\ude42<\/p>\n<\/div>\n<\/div><\/div>\n\n<\/li><\/ul><\/div>\n","protected":false},"excerpt":{"rendered":"<p>Hi,ich bin Victor, ein zertifizierter Medienk\u00fcnstler aus Schw\u00e4bisch Gm\u00fcnd Kappa.Diese Homepage nutze ich um Projekte zu dokumentieren und Objekte zu verkaufen.Ich w\u00fcnsche Dir viel Spa\u00df beim St\u00f6bern! \u00a0 \u00a0 \u00a0 News<\/p>\n","protected":false},"author":1,"featured_media":0,"parent":0,"menu_order":0,"comment_status":"closed","ping_status":"closed","template":"template-fullwidth.php","meta":{"footnotes":""},"class_list":["post-4135","page","type-page","status-publish","hentry"],"_links":{"self":[{"href":"https:\/\/victorgiers.com\/wp\/content\/wp-json\/wp\/v2\/pages\/4135"}],"collection":[{"href":"https:\/\/victorgiers.com\/wp\/content\/wp-json\/wp\/v2\/pages"}],"about":[{"href":"https:\/\/victorgiers.com\/wp\/content\/wp-json\/wp\/v2\/types\/page"}],"author":[{"embeddable":true,"href":"https:\/\/victorgiers.com\/wp\/content\/wp-json\/wp\/v2\/users\/1"}],"replies":[{"embeddable":true,"href":"https:\/\/victorgiers.com\/wp\/content\/wp-json\/wp\/v2\/comments?post=4135"}],"version-history":[{"count":71,"href":"https:\/\/victorgiers.com\/wp\/content\/wp-json\/wp\/v2\/pages\/4135\/revisions"}],"predecessor-version":[{"id":6015,"href":"https:\/\/victorgiers.com\/wp\/content\/wp-json\/wp\/v2\/pages\/4135\/revisions\/6015"}],"wp:attachment":[{"href":"https:\/\/victorgiers.com\/wp\/content\/wp-json\/wp\/v2\/media?parent=4135"}],"curies":[{"name":"wp","href":"https:\/\/api.w.org\/{rel}","templated":true}]}}